{"id":58,"date":"2026-02-26T19:40:34","date_gmt":"2026-02-26T19:40:34","guid":{"rendered":"https:\/\/yarecleaningct.com\/product\/limpieza-de-garajes\/"},"modified":"2026-02-26T19:40:34","modified_gmt":"2026-02-26T19:40:34","slug":"limpieza-de-garajes","status":"publish","type":"product","link":"https:\/\/yarecleaningct.com\/es\/product\/limpieza-de-garajes\/","title":{"rendered":"Limpieza de Garajes"},"content":{"rendered":"<p>Limpieza completa de garajes, incluyendo la eliminaci\u00f3n de polvo, telara\u00f1as y organizaci\u00f3n de herramientas y equipos.<\/p>","protected":false},"excerpt":{"rendered":"<p>Limpieza completa de garajes, incluyendo la eliminaci\u00f3n de polvo, telara\u00f1as y organizaci\u00f3n de herramientas y equipos.<\/p>","protected":false},"featured_media":0,"comment_status":"open","ping_status":"closed","template":"","meta":[],"product_brand":[],"product_cat":[24],"product_tag":[],"class_list":{"0":"post-58","1":"product","2":"type-product","3":"status-publish","5":"product_cat-servicios-de-limpieza","7":"first","8":"instock","9":"shipping-taxable","10":"purchasable","11":"product-type-simple"},"_links":{"self":[{"href":"https:\/\/yarecleaningct.com\/es\/wp-json\/wp\/v2\/product\/58","targetHints":{"allow":["GET"]}}],"collection":[{"href":"https:\/\/yarecleaningct.com\/es\/wp-json\/wp\/v2\/product"}],"about":[{"href":"https:\/\/yarecleaningct.com\/es\/wp-json\/wp\/v2\/types\/product"}],"replies":[{"embeddable":true,"href":"https:\/\/yarecleaningct.com\/es\/wp-json\/wp\/v2\/comments?post=58"}],"wp:attachment":[{"href":"https:\/\/yarecleaningct.com\/es\/wp-json\/wp\/v2\/media?parent=58"}],"wp:term":[{"taxonomy":"product_brand","embeddable":true,"href":"https:\/\/yarecleaningct.com\/es\/wp-json\/wp\/v2\/product_brand?post=58"},{"taxonomy":"product_cat","embeddable":true,"href":"https:\/\/yarecleaningct.com\/es\/wp-json\/wp\/v2\/product_cat?post=58"},{"taxonomy":"product_tag","embeddable":true,"href":"https:\/\/yarecleaningct.com\/es\/wp-json\/wp\/v2\/product_tag?post=58"}],"curies":[{"name":"wp","href":"https:\/\/api.w.org\/{rel}","templated":true}]}}