{"id":59,"date":"2026-02-26T19:40:34","date_gmt":"2026-02-26T19:40:34","guid":{"rendered":"https:\/\/yarecleaningct.com\/product\/limpieza-de-tapiceria\/"},"modified":"2026-02-26T19:40:34","modified_gmt":"2026-02-26T19:40:34","slug":"limpieza-de-tapiceria","status":"publish","type":"product","link":"https:\/\/yarecleaningct.com\/es\/product\/limpieza-de-tapiceria\/","title":{"rendered":"Limpieza de Tapicer\u00eda"},"content":{"rendered":"<p>Servicio de limpieza de tapicer\u00eda para sof\u00e1s, sillas y otros muebles, utilizando productos que cuidan los tejidos y eliminan manchas.<\/p>","protected":false},"excerpt":{"rendered":"<p>Servicio de limpieza de tapicer\u00eda para sof\u00e1s, sillas y otros muebles, utilizando productos que cuidan los tejidos y eliminan manchas.<\/p>","protected":false},"featured_media":0,"comment_status":"open","ping_status":"closed","template":"","meta":[],"product_brand":[],"product_cat":[24],"product_tag":[],"class_list":{"0":"post-59","1":"product","2":"type-product","3":"status-publish","5":"product_cat-servicios-de-limpieza","7":"first","8":"instock","9":"shipping-taxable","10":"purchasable","11":"product-type-simple"},"_links":{"self":[{"href":"https:\/\/yarecleaningct.com\/es\/wp-json\/wp\/v2\/product\/59","targetHints":{"allow":["GET"]}}],"collection":[{"href":"https:\/\/yarecleaningct.com\/es\/wp-json\/wp\/v2\/product"}],"about":[{"href":"https:\/\/yarecleaningct.com\/es\/wp-json\/wp\/v2\/types\/product"}],"replies":[{"embeddable":true,"href":"https:\/\/yarecleaningct.com\/es\/wp-json\/wp\/v2\/comments?post=59"}],"wp:attachment":[{"href":"https:\/\/yarecleaningct.com\/es\/wp-json\/wp\/v2\/media?parent=59"}],"wp:term":[{"taxonomy":"product_brand","embeddable":true,"href":"https:\/\/yarecleaningct.com\/es\/wp-json\/wp\/v2\/product_brand?post=59"},{"taxonomy":"product_cat","embeddable":true,"href":"https:\/\/yarecleaningct.com\/es\/wp-json\/wp\/v2\/product_cat?post=59"},{"taxonomy":"product_tag","embeddable":true,"href":"https:\/\/yarecleaningct.com\/es\/wp-json\/wp\/v2\/product_tag?post=59"}],"curies":[{"name":"wp","href":"https:\/\/api.w.org\/{rel}","templated":true}]}}